{"id":4181,"date":"2019-08-14T12:44:14","date_gmt":"2019-08-14T11:44:14","guid":{"rendered":"http:\/\/humm.loverde.fr\/?page_id=4181"},"modified":"2024-09-24T08:52:09","modified_gmt":"2024-09-24T07:52:09","slug":"agenda-des-publications","status":"publish","type":"page","link":"https:\/\/humm.loverde.fr\/?page_id=4181","title":{"rendered":"Agenda"},"content":{"rendered":"<p>Voici l&rsquo;agenda des futures publications, et des anciennes pour avoir une vision temporelle de tous les articles.<br \/>\nSi vous ne voyez pas tout appuyez le plus petit bout de l&rsquo;un de vos gros doigts sur l&rsquo;\u00e9v\u00e9nement &#x1f61c;. Bon apr\u00e8s il y a une petite (toute petite!) croix et vous savez quoi faire. Note : il y a des petits malins qui ont trouv\u00e9 comment contourner le probl\u00e8me, il suffit de cliquer sur un jour sans \u00e9v\u00e9nement.<\/p>\n<p><em>Malheureusement les couleurs diff\u00e9rentes selon la cat\u00e9gorie de l&rsquo;article ne sont pas transmissibles. <\/em><\/p>\n<p><em>En r\u00e8gle g\u00e9n\u00e9rale, le mardi : recettes, le jeudi et le samedi \u00e7a se passe sur <\/em><a target=\"_blank\" rel=\"noopener\" href=\"https:\/\/souvenirsinsolites.wordpress.com\/\"><em>Insolite<\/em><\/a><em> et vendredi et dimanche sujets divers sur <\/em><a target=\"_blank\" rel=\"noopener\" href=\"https:\/\/humm.loverde.fr\/\"><em>Humm!<\/em><\/a><em> <\/em><\/p>\n<p><iframe loading=\"lazy\" frameborder=\"0\" scrolling=\"no\" style=\"border-width: 0;\" src=\"https:\/\/calendar.google.com\/calendar\/embed?height=400&amp;wkst=2&amp;bgcolor=%23ffffff&amp;ctz=Europe%2FParis&amp;src=ZzRqbTFjbjBtcDFhbWVuYXZuY29oc2RmbDhAZ3JvdXAuY2FsZW5kYXIuZ29vZ2xlLmNvbQ&amp;color=%23AD1457&amp;showNav=1&amp;title=Humm!%20Agenda%20des%20publications&amp;showPrint=0&amp;showTabs=0&amp;showCalendars=0&amp;mode=MONTH\" width=\"600\" height=\"400\"><\/iframe><\/p>\n<p><a href=\"\/\/www.pinterest.com\/pin\/create\/button\/\" data-pin-do=\"buttonBookmark\" data-pin-color=\"red\" data-pin-height=\"128\"><img data-recalc-dims=\"1\" decoding=\"async\" src=\"https:\/\/i0.wp.com\/assets.pinterest.com\/images\/pidgets\/pinit_fg_en_rect_red_28.png?w=1200\" \/><\/a><\/p>","protected":false},"excerpt":{"rendered":"<p>Voici l&rsquo;agenda des futures publications, et des anciennes pour avoir une vision temporelle de tous les articles. Si vous ne &hellip; <\/p>\n","protected":false},"author":1,"featured_media":0,"parent":0,"menu_order":0,"comment_status":"closed","ping_status":"closed","template":"","meta":{"jetpack_post_was_ever_published":false,"footnotes":""},"class_list":["post-4181","page","type-page","status-publish","hentry"],"jetpack_sharing_enabled":true,"jetpack_shortlink":"https:\/\/wp.me\/P9whbF-15r","jetpack_likes_enabled":true,"jetpack-related-posts":[{"id":63,"url":"https:\/\/humm.loverde.fr\/?page_id=63","url_meta":{"origin":4181,"position":0},"title":"Actualit\u00e9s","author":"cloverde","date":"9 janvier 2015","format":false,"excerpt":"11 septembre 2024 J'ai chang\u00e9 SouvenirsInsolites en Insolites partout o\u00f9 c'\u00e9tait possible. Malheureusement le nom de domaine ne peut pas \u00eatre chang\u00e9. Je viens de constater que WordPress modifie mes liens d'insertion de vid\u00e9o avec la balise embed. Pour qu'il n'y ait plus de probl\u00e8me je vais \u00eatre oblig\u00e9 de\u2026","rel":"","context":"Dans &quot;Actualit\u00e9&quot;","block_context":{"text":"Actualit\u00e9","link":"https:\/\/humm.loverde.fr\/?cat=661"},"img":{"alt_text":"newsletter illustration","src":"https:\/\/i0.wp.com\/humm.loverde.fr\/wp-content\/uploads\/2015\/01\/newsletter-illustration.jpg?resize=350%2C200&ssl=1","width":350,"height":200},"classes":[]},{"id":6176,"url":"https:\/\/humm.loverde.fr\/?page_id=6176","url_meta":{"origin":4181,"position":1},"title":"Confidentialit\u00e9","author":"cloverde","date":"20 avril 2021","format":false,"excerpt":"\u00a0 Qui sommes-nous\u00a0? L\u2019adresse du site est : https:\/\/humm.loverde.fr. Commentaires Quand vous laissez un commentaire sur le site, les donn\u00e9es inscrites dans le formulaire de commentaire, mais aussi votre adresse IP et l\u2019agent utilisateur de votre navigateur sont collect\u00e9s pour nous aider \u00e0 la d\u00e9tection des commentaires ind\u00e9sirables. Une cha\u00eene\u2026","rel":"","context":"Dans &quot;recette&quot;","block_context":{"text":"recette","link":"https:\/\/humm.loverde.fr\/?cat=1052"},"img":{"alt_text":"","src":"","width":0,"height":0},"classes":[]},{"id":8170,"url":"https:\/\/humm.loverde.fr\/?page_id=8170","url_meta":{"origin":4181,"position":2},"title":"Qui suis-je ?","author":"cloverde","date":"27 mars 2023","format":false,"excerpt":"Prof de physique dans une autre vie. L'informatique, les r\u00e9seaux sociaux, la cuisine, la photo et les Beatles m'occupent un peu. Webmaster amateur. Image cr\u00e9\u00e9e par une I.A. avec les mots cl\u00e9s ci-dessus. Cette image n'a rien \u00e0 voir avec moi, peut-\u00eatre de tr\u00e8s loin (*).... \u00e7a pourrait si vous\u2026","rel":"","context":"Dans &quot;Actualit\u00e9&quot;","block_context":{"text":"Actualit\u00e9","link":"https:\/\/humm.loverde.fr\/?cat=661"},"img":{"alt_text":"","src":"https:\/\/i0.wp.com\/humm.loverde.fr\/wp-content\/uploads\/2024\/07\/screenshot_2024-07-06-07-06-33-158-edit_com6203951681958521825.jpg?resize=350%2C200&ssl=1","width":350,"height":200,"srcset":"https:\/\/i0.wp.com\/humm.loverde.fr\/wp-content\/uploads\/2024\/07\/screenshot_2024-07-06-07-06-33-158-edit_com6203951681958521825.jpg?resize=350%2C200&ssl=1 1x, https:\/\/i0.wp.com\/humm.loverde.fr\/wp-content\/uploads\/2024\/07\/screenshot_2024-07-06-07-06-33-158-edit_com6203951681958521825.jpg?resize=525%2C300&ssl=1 1.5x, https:\/\/i0.wp.com\/humm.loverde.fr\/wp-content\/uploads\/2024\/07\/screenshot_2024-07-06-07-06-33-158-edit_com6203951681958521825.jpg?resize=700%2C400&ssl=1 2x"},"classes":[]},{"id":8358,"url":"https:\/\/humm.loverde.fr\/?page_id=8358","url_meta":{"origin":4181,"position":3},"title":"Fonds d&rsquo;\u00e9cran","author":"cloverde","date":"22 avril 2023","format":false,"excerpt":"Plut\u00f4t pour smartphone. Cr\u00e9\u00e9s par intelligence artificielle, servez-vous c'est gratuit. https:\/\/pin.it\/1FyQyFr pour d'autres...","rel":"","context":"Dans &quot;recette&quot;","block_context":{"text":"recette","link":"https:\/\/humm.loverde.fr\/?cat=1052"},"img":{"alt_text":"","src":"https:\/\/i0.wp.com\/humm.loverde.fr\/wp-content\/uploads\/2023\/04\/1681799903487.jpg?resize=350%2C200&ssl=1","width":350,"height":200,"srcset":"https:\/\/i0.wp.com\/humm.loverde.fr\/wp-content\/uploads\/2023\/04\/1681799903487.jpg?resize=350%2C200&ssl=1 1x, https:\/\/i0.wp.com\/humm.loverde.fr\/wp-content\/uploads\/2023\/04\/1681799903487.jpg?resize=525%2C300&ssl=1 1.5x, https:\/\/i0.wp.com\/humm.loverde.fr\/wp-content\/uploads\/2023\/04\/1681799903487.jpg?resize=700%2C400&ssl=1 2x"},"classes":[]}],"_links":{"self":[{"href":"https:\/\/humm.loverde.fr\/index.php?rest_route=\/wp\/v2\/pages\/4181","targetHints":{"allow":["GET"]}}],"collection":[{"href":"https:\/\/humm.loverde.fr\/index.php?rest_route=\/wp\/v2\/pages"}],"about":[{"href":"https:\/\/humm.loverde.fr\/index.php?rest_route=\/wp\/v2\/types\/page"}],"author":[{"embeddable":true,"href":"https:\/\/humm.loverde.fr\/index.php?rest_route=\/wp\/v2\/users\/1"}],"replies":[{"embeddable":true,"href":"https:\/\/humm.loverde.fr\/index.php?rest_route=%2Fwp%2Fv2%2Fcomments&post=4181"}],"version-history":[{"count":16,"href":"https:\/\/humm.loverde.fr\/index.php?rest_route=\/wp\/v2\/pages\/4181\/revisions"}],"predecessor-version":[{"id":11482,"href":"https:\/\/humm.loverde.fr\/index.php?rest_route=\/wp\/v2\/pages\/4181\/revisions\/11482"}],"wp:attachment":[{"href":"https:\/\/humm.loverde.fr\/index.php?rest_route=%2Fwp%2Fv2%2Fmedia&parent=4181"}],"curies":[{"name":"wp","href":"https:\/\/api.w.org\/{rel}","templated":true}]}}