{"id":8170,"date":"2023-03-27T14:25:25","date_gmt":"2023-03-27T13:25:25","guid":{"rendered":"https:\/\/humm.loverde.fr\/qui-suis-je\/"},"modified":"2024-07-06T06:07:42","modified_gmt":"2024-07-06T05:07:42","slug":"qui-suis-je","status":"publish","type":"page","link":"https:\/\/humm.loverde.fr\/?page_id=8170","title":{"rendered":"Qui suis-je ?"},"content":{"rendered":"\n<p><a href=\"https:\/\/youtube.com\/playlist?list=PL4C10FDB3C30D7E3C&amp;si=32A-cv57eXVpgoPB\" target=\"_blank\" rel=\"noreferrer noopener\">Prof de physique<\/a> dans une autre vie. L&rsquo;informatique, les r\u00e9seaux sociaux, la cuisine, la photo et les Beatles m&rsquo;occupent un peu. Webmaster amateur.<\/p>\n\n\n\n<figure class=\"wp-block-image size-large\"><img data-recalc-dims=\"1\" loading=\"lazy\" decoding=\"async\" width=\"960\" height=\"911\" data-attachment-id=\"10652\" data-permalink=\"https:\/\/humm.loverde.fr\/?attachment_id=10652\" data-orig-file=\"https:\/\/i0.wp.com\/humm.loverde.fr\/wp-content\/uploads\/2024\/07\/1720241499932-12063650972418514001.jpg?fit=1280%2C1215&amp;ssl=1\" data-orig-size=\"1280,1215\" data-comments-opened=\"1\" data-image-meta=\"{&quot;aperture&quot;:&quot;0&quot;,&quot;credit&quot;:&quot;&quot;,&quot;camera&quot;:&quot;&quot;,&quot;caption&quot;:&quot;&quot;,&quot;created_timestamp&quot;:&quot;0&quot;,&quot;copyright&quot;:&quot;&quot;,&quot;focal_length&quot;:&quot;0&quot;,&quot;iso&quot;:&quot;0&quot;,&quot;shutter_speed&quot;:&quot;0&quot;,&quot;title&quot;:&quot;&quot;,&quot;orientation&quot;:&quot;0&quot;}\" data-image-title=\"1720241499932-12063650972418514001\" data-image-description=\"\" data-image-caption=\"\" data-large-file=\"https:\/\/i0.wp.com\/humm.loverde.fr\/wp-content\/uploads\/2024\/07\/1720241499932-12063650972418514001.jpg?fit=960%2C911&amp;ssl=1\" src=\"https:\/\/i0.wp.com\/humm.loverde.fr\/wp-content\/uploads\/2024\/07\/1720241499932-12063650972418514001.jpg?resize=960%2C911&#038;ssl=1\" alt=\"\" class=\"wp-image-10652\" srcset=\"https:\/\/i0.wp.com\/humm.loverde.fr\/wp-content\/uploads\/2024\/07\/1720241499932-12063650972418514001.jpg?resize=960%2C911&amp;ssl=1 960w, https:\/\/i0.wp.com\/humm.loverde.fr\/wp-content\/uploads\/2024\/07\/1720241499932-12063650972418514001.jpg?resize=595%2C565&amp;ssl=1 595w, https:\/\/i0.wp.com\/humm.loverde.fr\/wp-content\/uploads\/2024\/07\/1720241499932-12063650972418514001.jpg?resize=768%2C729&amp;ssl=1 768w, https:\/\/i0.wp.com\/humm.loverde.fr\/wp-content\/uploads\/2024\/07\/1720241499932-12063650972418514001.jpg?w=1280&amp;ssl=1 1280w\" sizes=\"auto, (max-width: 960px) 100vw, 960px\" \/><\/figure>\n\n\n\n<p>Image cr\u00e9\u00e9e par une I.A. avec les mots cl\u00e9s ci-dessus. Cette image n&rsquo;a rien \u00e0 voir avec moi, peut-\u00eatre de tr\u00e8s loin (*)&#8230;. \u00e7a pourrait si vous avez lu l&rsquo;article : <a href=\"https:\/\/humm.loverde.fr\/generation-dimages-par-i-a\/https:\/\/humm.loverde.fr\/?p=8180\">https:\/\/humm.loverde.fr\/?p=8180<\/a><\/p>\n\n\n\n<p>Revenez, elle va changer de temps en temps.<\/p>\n\n\n\n<p>On retiendra \u00ab\u00a0j&rsquo;\u00e9tais prof de physique\u00a0\u00bb<\/p>\n\n\n\n<figure class=\"wp-block-image size-large\"><img data-recalc-dims=\"1\" loading=\"lazy\" decoding=\"async\" width=\"560\" height=\"560\" data-attachment-id=\"9438\" data-permalink=\"https:\/\/humm.loverde.fr\/?attachment_id=9438\" data-orig-file=\"https:\/\/i0.wp.com\/humm.loverde.fr\/wp-content\/uploads\/2023\/12\/20231214_092031.gif?fit=560%2C560&amp;ssl=1\" data-orig-size=\"560,560\" data-comments-opened=\"1\" data-image-meta=\"{&quot;aperture&quot;:&quot;0&quot;,&quot;credit&quot;:&quot;&quot;,&quot;camera&quot;:&quot;&quot;,&quot;caption&quot;:&quot;&quot;,&quot;created_timestamp&quot;:&quot;0&quot;,&quot;copyright&quot;:&quot;&quot;,&quot;focal_length&quot;:&quot;0&quot;,&quot;iso&quot;:&quot;0&quot;,&quot;shutter_speed&quot;:&quot;0&quot;,&quot;title&quot;:&quot;&quot;,&quot;orientation&quot;:&quot;0&quot;}\" data-image-title=\"20231214_092031\" data-image-description=\"\" data-image-caption=\"\" data-large-file=\"https:\/\/i0.wp.com\/humm.loverde.fr\/wp-content\/uploads\/2023\/12\/20231214_092031.gif?fit=560%2C560&amp;ssl=1\" src=\"https:\/\/i0.wp.com\/humm.loverde.fr\/wp-content\/uploads\/2023\/12\/20231214_092031.gif?resize=560%2C560&#038;ssl=1\" alt=\"\" class=\"wp-image-9438\"\/><figcaption class=\"wp-element-caption\"><em>Simulateur de circuits \u00e9lectriques et gif anim\u00e9 <\/em><\/figcaption><\/figure>\n\n\n\n<figure class=\"wp-block-image size-large\"><img data-recalc-dims=\"1\" loading=\"lazy\" decoding=\"async\" width=\"819\" height=\"825\" data-attachment-id=\"10654\" data-permalink=\"https:\/\/humm.loverde.fr\/?attachment_id=10654\" data-orig-file=\"https:\/\/i0.wp.com\/humm.loverde.fr\/wp-content\/uploads\/2024\/07\/screenshot_2024-07-06-07-06-33-158-edit_com6203951681958521825.jpg?fit=819%2C825&amp;ssl=1\" data-orig-size=\"819,825\" data-comments-opened=\"1\" data-image-meta=\"{&quot;aperture&quot;:&quot;0&quot;,&quot;credit&quot;:&quot;&quot;,&quot;camera&quot;:&quot;&quot;,&quot;caption&quot;:&quot;&quot;,&quot;created_timestamp&quot;:&quot;0&quot;,&quot;copyright&quot;:&quot;&quot;,&quot;focal_length&quot;:&quot;0&quot;,&quot;iso&quot;:&quot;0&quot;,&quot;shutter_speed&quot;:&quot;0&quot;,&quot;title&quot;:&quot;&quot;,&quot;orientation&quot;:&quot;0&quot;}\" data-image-title=\"screenshot_2024-07-06-07-06-33-158-edit_com6203951681958521825\" data-image-description=\"\" data-image-caption=\"\" data-large-file=\"https:\/\/i0.wp.com\/humm.loverde.fr\/wp-content\/uploads\/2024\/07\/screenshot_2024-07-06-07-06-33-158-edit_com6203951681958521825.jpg?fit=819%2C825&amp;ssl=1\" src=\"https:\/\/i0.wp.com\/humm.loverde.fr\/wp-content\/uploads\/2024\/07\/screenshot_2024-07-06-07-06-33-158-edit_com6203951681958521825.jpg?resize=819%2C825&#038;ssl=1\" alt=\"\" class=\"wp-image-10654\" srcset=\"https:\/\/i0.wp.com\/humm.loverde.fr\/wp-content\/uploads\/2024\/07\/screenshot_2024-07-06-07-06-33-158-edit_com6203951681958521825.jpg?w=819&amp;ssl=1 819w, https:\/\/i0.wp.com\/humm.loverde.fr\/wp-content\/uploads\/2024\/07\/screenshot_2024-07-06-07-06-33-158-edit_com6203951681958521825.jpg?resize=595%2C599&amp;ssl=1 595w, https:\/\/i0.wp.com\/humm.loverde.fr\/wp-content\/uploads\/2024\/07\/screenshot_2024-07-06-07-06-33-158-edit_com6203951681958521825.jpg?resize=768%2C774&amp;ssl=1 768w\" sizes=\"auto, (max-width: 819px) 100vw, 819px\" \/><figcaption class=\"wp-element-caption\">(*)<\/figcaption><\/figure>\n<p><a href=\"\/\/www.pinterest.com\/pin\/create\/button\/\" data-pin-do=\"buttonBookmark\" data-pin-color=\"red\" data-pin-height=\"128\"><img data-recalc-dims=\"1\" decoding=\"async\" src=\"https:\/\/i0.wp.com\/assets.pinterest.com\/images\/pidgets\/pinit_fg_en_rect_red_28.png?w=1200\" \/><\/a><\/p>","protected":false},"excerpt":{"rendered":"<p>Prof de physique dans une autre vie. L&rsquo;informatique, les r\u00e9seaux sociaux, la cuisine, la photo et les Beatles m&rsquo;occupent un &hellip; <\/p>\n","protected":false},"author":1,"featured_media":0,"parent":0,"menu_order":0,"comment_status":"closed","ping_status":"closed","template":"","meta":{"jetpack_post_was_ever_published":false,"footnotes":""},"class_list":["post-8170","page","type-page","status-publish","hentry"],"jetpack_sharing_enabled":true,"jetpack_shortlink":"https:\/\/wp.me\/P9whbF-27M","jetpack_likes_enabled":true,"jetpack-related-posts":[{"id":63,"url":"https:\/\/humm.loverde.fr\/?page_id=63","url_meta":{"origin":8170,"position":0},"title":"Actualit\u00e9s","author":"cloverde","date":"9 janvier 2015","format":false,"excerpt":"11 septembre 2024 J'ai chang\u00e9 SouvenirsInsolites en Insolites partout o\u00f9 c'\u00e9tait possible. Malheureusement le nom de domaine ne peut pas \u00eatre chang\u00e9. Je viens de constater que WordPress modifie mes liens d'insertion de vid\u00e9o avec la balise embed. Pour qu'il n'y ait plus de probl\u00e8me je vais \u00eatre oblig\u00e9 de\u2026","rel":"","context":"Dans &quot;Actualit\u00e9&quot;","block_context":{"text":"Actualit\u00e9","link":"https:\/\/humm.loverde.fr\/?cat=661"},"img":{"alt_text":"newsletter illustration","src":"https:\/\/i0.wp.com\/humm.loverde.fr\/wp-content\/uploads\/2015\/01\/newsletter-illustration.jpg?resize=350%2C200&ssl=1","width":350,"height":200},"classes":[]},{"id":6176,"url":"https:\/\/humm.loverde.fr\/?page_id=6176","url_meta":{"origin":8170,"position":1},"title":"Confidentialit\u00e9","author":"cloverde","date":"20 avril 2021","format":false,"excerpt":"\u00a0 Qui sommes-nous\u00a0? L\u2019adresse du site est : https:\/\/humm.loverde.fr. Commentaires Quand vous laissez un commentaire sur le site, les donn\u00e9es inscrites dans le formulaire de commentaire, mais aussi votre adresse IP et l\u2019agent utilisateur de votre navigateur sont collect\u00e9s pour nous aider \u00e0 la d\u00e9tection des commentaires ind\u00e9sirables. Une cha\u00eene\u2026","rel":"","context":"Dans &quot;recette&quot;","block_context":{"text":"recette","link":"https:\/\/humm.loverde.fr\/?cat=1052"},"img":{"alt_text":"","src":"","width":0,"height":0},"classes":[]},{"id":4181,"url":"https:\/\/humm.loverde.fr\/?page_id=4181","url_meta":{"origin":8170,"position":2},"title":"Agenda","author":"cloverde","date":"14 ao\u00fbt 2019","format":false,"excerpt":"Voici l'agenda des futures publications, et des anciennes pour avoir une vision temporelle de tous les articles. Si vous ne voyez pas tout appuyez le plus petit bout de l'un de vos gros doigts sur l'\u00e9v\u00e9nement \ud83d\ude1c. Bon apr\u00e8s il y a une petite (toute petite!) croix et vous savez\u2026","rel":"","context":"Dans &quot;Instagram&quot;","block_context":{"text":"Instagram","link":"https:\/\/humm.loverde.fr\/?cat=1224"},"img":{"alt_text":"","src":"","width":0,"height":0},"classes":[]}],"_links":{"self":[{"href":"https:\/\/humm.loverde.fr\/index.php?rest_route=\/wp\/v2\/pages\/8170","targetHints":{"allow":["GET"]}}],"collection":[{"href":"https:\/\/humm.loverde.fr\/index.php?rest_route=\/wp\/v2\/pages"}],"about":[{"href":"https:\/\/humm.loverde.fr\/index.php?rest_route=\/wp\/v2\/types\/page"}],"author":[{"embeddable":true,"href":"https:\/\/humm.loverde.fr\/index.php?rest_route=\/wp\/v2\/users\/1"}],"replies":[{"embeddable":true,"href":"https:\/\/humm.loverde.fr\/index.php?rest_route=%2Fwp%2Fv2%2Fcomments&post=8170"}],"version-history":[{"count":32,"href":"https:\/\/humm.loverde.fr\/index.php?rest_route=\/wp\/v2\/pages\/8170\/revisions"}],"predecessor-version":[{"id":10655,"href":"https:\/\/humm.loverde.fr\/index.php?rest_route=\/wp\/v2\/pages\/8170\/revisions\/10655"}],"wp:attachment":[{"href":"https:\/\/humm.loverde.fr\/index.php?rest_route=%2Fwp%2Fv2%2Fmedia&parent=8170"}],"curies":[{"name":"wp","href":"https:\/\/api.w.org\/{rel}","templated":true}]}}